{"id":25,"date":"2024-08-16T19:58:10","date_gmt":"2024-08-16T19:58:10","guid":{"rendered":"https:\/\/temprafen.saludiario.com\/?page_id=25"},"modified":"2024-09-02T23:45:36","modified_gmt":"2024-09-02T23:45:36","slug":"elementor-25","status":"publish","type":"page","link":"https:\/\/temprafen.saludiario.com\/","title":{"rendered":"LANDING PAGE"},"content":{"rendered":"\t\t<div data-elementor-type=\"wp-page\" data-elementor-id=\"25\" class=\"elementor elementor-25\" data-elementor-post-type=\"page\">\n\t\t\t\t<div class=\"elementor-element elementor-element-f0e7a1d e-flex e-con-boxed e-con e-parent\" data-id=\"f0e7a1d\" data-element_type=\"container\" data-settings=\"{&quot;background_background&quot;:&quot;slideshow&quot;,&quot;background_slideshow_gallery&quot;:[{&quot;id&quot;:43,&quot;url&quot;:&quot;https:\\\/\\\/temprafen.saludiario.com\\\/wp-content\\\/uploads\\\/2024\\\/08\\\/RB_TEMPRAFEN_MX_DIGITAL_AV_NUEVO_TEMPRAFEN_ART-01.png&quot;}],&quot;background_slideshow_loop&quot;:&quot;yes&quot;,&quot;background_slideshow_slide_duration&quot;:5000,&quot;background_slideshow_slide_transition&quot;:&quot;fade&quot;,&quot;background_slideshow_transition_duration&quot;:500}\">\n\t\t\t\t\t<div class=\"e-con-inner\">\n\t\t<div class=\"elementor-element elementor-element-fac05aa e-con-full e-flex e-con e-child\" data-id=\"fac05aa\" data-element_type=\"container\">\n\t\t\t\t<div class=\"elementor-element elementor-element-c9c0909 elementor-widget elementor-widget-image\" data-id=\"c9c0909\" data-element_type=\"widget\" data-widget_type=\"image.default\">\n\t\t\t\t<div class=\"elementor-widget-container\">\n\t\t\t<style>\/*! elementor - v3.23.0 - 25-07-2024 *\/\n.elementor-widget-image{text-align:center}.elementor-widget-image a{display:inline-block}.elementor-widget-image a img[src$=\".svg\"]{width:48px}.elementor-widget-image img{vertical-align:middle;display:inline-block}<\/style>\t\t\t\t\t\t\t\t\t\t<img fetchpriority=\"high\" decoding=\"async\" width=\"666\" height=\"109\" src=\"https:\/\/temprafen.saludiario.com\/wp-content\/uploads\/2024\/08\/nuevo_.png\" class=\"attachment-large size-large wp-image-44\" alt=\"\" srcset=\"https:\/\/temprafen.saludiario.com\/wp-content\/uploads\/2024\/08\/nuevo_.png 666w, https:\/\/temprafen.saludiario.com\/wp-content\/uploads\/2024\/08\/nuevo_-300x49.png 300w\" sizes=\"(max-width: 666px) 100vw, 666px\" \/>\t\t\t\t\t\t\t\t\t\t\t\t\t<\/div>\n\t\t\t\t<\/div>\n\t\t\t\t<div class=\"elementor-element elementor-element-642c25a elementor-widget__width-initial elementor-widget elementor-widget-image\" data-id=\"642c25a\" data-element_type=\"widget\" data-widget_type=\"image.default\">\n\t\t\t\t<div class=\"elementor-widget-container\">\n\t\t\t\t\t\t\t\t\t\t\t\t\t<img decoding=\"async\" width=\"800\" height=\"109\" src=\"https:\/\/temprafen.saludiario.com\/wp-content\/uploads\/2024\/08\/logo_-1024x139.png\" class=\"attachment-large size-large wp-image-46\" alt=\"\" srcset=\"https:\/\/temprafen.saludiario.com\/wp-content\/uploads\/2024\/08\/logo_-1024x139.png 1024w, https:\/\/temprafen.saludiario.com\/wp-content\/uploads\/2024\/08\/logo_-300x41.png 300w, https:\/\/temprafen.saludiario.com\/wp-content\/uploads\/2024\/08\/logo_-768x105.png 768w, https:\/\/temprafen.saludiario.com\/wp-content\/uploads\/2024\/08\/logo_.png 1285w\" sizes=\"(max-width: 800px) 100vw, 800px\" \/>\t\t\t\t\t\t\t\t\t\t\t\t\t<\/div>\n\t\t\t\t<\/div>\n\t\t\t\t<div class=\"elementor-element elementor-element-1c54462 elementor-widget__width-initial animated-slow elementor-invisible elementor-widget elementor-widget-image\" data-id=\"1c54462\" data-element_type=\"widget\" data-settings=\"{&quot;_animation&quot;:&quot;bounceIn&quot;}\" data-widget_type=\"image.default\">\n\t\t\t\t<div class=\"elementor-widget-container\">\n\t\t\t\t\t\t\t\t\t\t\t\t\t<img decoding=\"async\" width=\"800\" height=\"432\" src=\"https:\/\/temprafen.saludiario.com\/wp-content\/uploads\/2024\/08\/TEM-FEN-IBUPROFENO-10C-RENDER-opc23-PLATEADO-ROJO-VERDE-C-AW_L-e1724183369354-1024x553.png\" class=\"attachment-large size-large wp-image-57\" alt=\"\" srcset=\"https:\/\/temprafen.saludiario.com\/wp-content\/uploads\/2024\/08\/TEM-FEN-IBUPROFENO-10C-RENDER-opc23-PLATEADO-ROJO-VERDE-C-AW_L-e1724183369354-1024x553.png 1024w, https:\/\/temprafen.saludiario.com\/wp-content\/uploads\/2024\/08\/TEM-FEN-IBUPROFENO-10C-RENDER-opc23-PLATEADO-ROJO-VERDE-C-AW_L-e1724183369354-300x162.png 300w, https:\/\/temprafen.saludiario.com\/wp-content\/uploads\/2024\/08\/TEM-FEN-IBUPROFENO-10C-RENDER-opc23-PLATEADO-ROJO-VERDE-C-AW_L-e1724183369354-768x415.png 768w, https:\/\/temprafen.saludiario.com\/wp-content\/uploads\/2024\/08\/TEM-FEN-IBUPROFENO-10C-RENDER-opc23-PLATEADO-ROJO-VERDE-C-AW_L-e1724183369354.png 1234w\" sizes=\"(max-width: 800px) 100vw, 800px\" \/>\t\t\t\t\t\t\t\t\t\t\t\t\t<\/div>\n\t\t\t\t<\/div>\n\t\t\t\t<\/div>\n\t\t<div class=\"elementor-element elementor-element-cc20078 e-con-full e-flex e-con e-child\" data-id=\"cc20078\" data-element_type=\"container\">\n\t\t\t\t<div class=\"elementor-element elementor-element-f1b740b elementor-widget elementor-widget-image\" data-id=\"f1b740b\" data-element_type=\"widget\" data-widget_type=\"image.default\">\n\t\t\t\t<div class=\"elementor-widget-container\">\n\t\t\t\t\t\t\t\t\t\t\t\t\t<img loading=\"lazy\" decoding=\"async\" width=\"1080\" height=\"755\" src=\"https:\/\/temprafen.saludiario.com\/wp-content\/uploads\/2024\/09\/es-x2-1.png\" class=\"attachment-2048x2048 size-2048x2048 wp-image-88\" alt=\"\" srcset=\"https:\/\/temprafen.saludiario.com\/wp-content\/uploads\/2024\/09\/es-x2-1.png 1080w, https:\/\/temprafen.saludiario.com\/wp-content\/uploads\/2024\/09\/es-x2-1-300x210.png 300w, https:\/\/temprafen.saludiario.com\/wp-content\/uploads\/2024\/09\/es-x2-1-1024x716.png 1024w, https:\/\/temprafen.saludiario.com\/wp-content\/uploads\/2024\/09\/es-x2-1-768x537.png 768w\" sizes=\"(max-width: 1080px) 100vw, 1080px\" \/>\t\t\t\t\t\t\t\t\t\t\t\t\t<\/div>\n\t\t\t\t<\/div>\n\t\t\t\t<\/div>\n\t\t\t\t\t<\/div>\n\t\t\t\t<\/div>\n\t\t<div class=\"elementor-element elementor-element-23e6b85 e-con-full e-flex e-con e-parent\" data-id=\"23e6b85\" data-element_type=\"container\">\n\t\t\t\t<div class=\"elementor-element elementor-element-782508b elementor-widget elementor-widget-heading\" data-id=\"782508b\" data-element_type=\"widget\" data-widget_type=\"heading.default\">\n\t\t\t\t<div class=\"elementor-widget-container\">\n\t\t\t<style>\/*! elementor - v3.23.0 - 25-07-2024 *\/\n.elementor-heading-title{padding:0;margin:0;line-height:1}.elementor-widget-heading .elementor-heading-title[class*=elementor-size-]>a{color:inherit;font-size:inherit;line-height:inherit}.elementor-widget-heading .elementor-heading-title.elementor-size-small{font-size:15px}.elementor-widget-heading .elementor-heading-title.elementor-size-medium{font-size:19px}.elementor-widget-heading .elementor-heading-title.elementor-size-large{font-size:29px}.elementor-widget-heading .elementor-heading-title.elementor-size-xl{font-size:39px}.elementor-widget-heading .elementor-heading-title.elementor-size-xxl{font-size:59px}<\/style><h2 class=\"elementor-heading-title elementor-size-default\">NUESTROS BENEFICIOS<\/h2>\t\t<\/div>\n\t\t\t\t<\/div>\n\t\t\t\t<\/div>\n\t\t<div class=\"elementor-element elementor-element-2c3bdec e-con-full e-flex e-con e-parent\" data-id=\"2c3bdec\" data-element_type=\"container\">\n\t\t<div class=\"elementor-element elementor-element-657a588 e-con-full e-flex e-con e-child\" data-id=\"657a588\" data-element_type=\"container\">\n\t\t\t\t<div class=\"elementor-element elementor-element-d73e4a0 elementor-widget elementor-widget-image\" data-id=\"d73e4a0\" data-element_type=\"widget\" data-widget_type=\"image.default\">\n\t\t\t\t<div class=\"elementor-widget-container\">\n\t\t\t\t\t\t\t\t\t\t\t\t\t<img loading=\"lazy\" decoding=\"async\" width=\"800\" height=\"419\" src=\"https:\/\/temprafen.saludiario.com\/wp-content\/uploads\/2024\/08\/RB_TEMPRAFEN_MX_DIGITAL_AV_NUEVO_TEMPRAFEN_ART-03-1024x536.png\" class=\"attachment-large size-large wp-image-48\" alt=\"\" srcset=\"https:\/\/temprafen.saludiario.com\/wp-content\/uploads\/2024\/08\/RB_TEMPRAFEN_MX_DIGITAL_AV_NUEVO_TEMPRAFEN_ART-03-1024x536.png 1024w, https:\/\/temprafen.saludiario.com\/wp-content\/uploads\/2024\/08\/RB_TEMPRAFEN_MX_DIGITAL_AV_NUEVO_TEMPRAFEN_ART-03-300x157.png 300w, https:\/\/temprafen.saludiario.com\/wp-content\/uploads\/2024\/08\/RB_TEMPRAFEN_MX_DIGITAL_AV_NUEVO_TEMPRAFEN_ART-03-768x402.png 768w, https:\/\/temprafen.saludiario.com\/wp-content\/uploads\/2024\/08\/RB_TEMPRAFEN_MX_DIGITAL_AV_NUEVO_TEMPRAFEN_ART-03-1536x805.png 1536w, https:\/\/temprafen.saludiario.com\/wp-content\/uploads\/2024\/08\/RB_TEMPRAFEN_MX_DIGITAL_AV_NUEVO_TEMPRAFEN_ART-03-2048x1073.png 2048w\" sizes=\"(max-width: 800px) 100vw, 800px\" \/>\t\t\t\t\t\t\t\t\t\t\t\t\t<\/div>\n\t\t\t\t<\/div>\n\t\t\t\t<div class=\"elementor-element elementor-element-a3cde5a elementor-button-success elementor-align-center elementor-invisible elementor-widget elementor-widget-button\" data-id=\"a3cde5a\" data-element_type=\"widget\" data-settings=\"{&quot;_animation&quot;:&quot;slideInUp&quot;}\" data-widget_type=\"button.default\">\n\t\t\t\t<div class=\"elementor-widget-container\">\n\t\t\t\t\t<div class=\"elementor-button-wrapper\">\n\t\t\t<a class=\"elementor-button elementor-button-link elementor-size-sm elementor-animation-shrink\" href=\"#elementor-action%3Aaction%3Dpopup%3Aopen%26settings%3DeyJpZCI6IjczIiwidG9nZ2xlIjpmYWxzZX0%3D\">\n\t\t\t\t\t\t<span class=\"elementor-button-content-wrapper\">\n\t\t\t\t\t\t\t\t\t<span class=\"elementor-button-text\">Conoce las indicaciones <br>terap\u00e9uticas<\/span>\n\t\t\t\t\t<\/span>\n\t\t\t\t\t<\/a>\n\t\t<\/div>\n\t\t\t\t<\/div>\n\t\t\t\t<\/div>\n\t\t\t\t<\/div>\n\t\t<div class=\"elementor-element elementor-element-444eea1 e-con-full e-flex e-con e-child\" data-id=\"444eea1\" data-element_type=\"container\">\n\t\t\t\t<div class=\"elementor-element elementor-element-8bbb14d elementor-widget elementor-widget-image\" data-id=\"8bbb14d\" data-element_type=\"widget\" data-widget_type=\"image.default\">\n\t\t\t\t<div class=\"elementor-widget-container\">\n\t\t\t\t\t\t\t\t\t\t\t\t\t<img loading=\"lazy\" decoding=\"async\" width=\"1234\" height=\"667\" src=\"https:\/\/temprafen.saludiario.com\/wp-content\/uploads\/2024\/08\/TEM-FEN-IBUPROFENO-10C-RENDER-opc23-PLATEADO-ROJO-VERDE-C-AW_L-e1724183369354.png\" class=\"attachment-full size-full wp-image-57\" alt=\"\" srcset=\"https:\/\/temprafen.saludiario.com\/wp-content\/uploads\/2024\/08\/TEM-FEN-IBUPROFENO-10C-RENDER-opc23-PLATEADO-ROJO-VERDE-C-AW_L-e1724183369354.png 1234w, https:\/\/temprafen.saludiario.com\/wp-content\/uploads\/2024\/08\/TEM-FEN-IBUPROFENO-10C-RENDER-opc23-PLATEADO-ROJO-VERDE-C-AW_L-e1724183369354-300x162.png 300w, https:\/\/temprafen.saludiario.com\/wp-content\/uploads\/2024\/08\/TEM-FEN-IBUPROFENO-10C-RENDER-opc23-PLATEADO-ROJO-VERDE-C-AW_L-e1724183369354-1024x553.png 1024w, https:\/\/temprafen.saludiario.com\/wp-content\/uploads\/2024\/08\/TEM-FEN-IBUPROFENO-10C-RENDER-opc23-PLATEADO-ROJO-VERDE-C-AW_L-e1724183369354-768x415.png 768w\" sizes=\"(max-width: 1234px) 100vw, 1234px\" \/>\t\t\t\t\t\t\t\t\t\t\t\t\t<\/div>\n\t\t\t\t<\/div>\n\t\t\t\t<div class=\"elementor-element elementor-element-1aac425 elementor-align-center elementor-button-success elementor-invisible elementor-widget elementor-widget-button\" data-id=\"1aac425\" data-element_type=\"widget\" data-settings=\"{&quot;_animation&quot;:&quot;slideInUp&quot;}\" data-widget_type=\"button.default\">\n\t\t\t\t<div class=\"elementor-widget-container\">\n\t\t\t\t\t<div class=\"elementor-button-wrapper\">\n\t\t\t<a class=\"elementor-button elementor-button-link elementor-size-sm elementor-animation-shrink\" href=\"#elementor-action%3Aaction%3Dpopup%3Aopen%26settings%3DeyJpZCI6IjcxIiwidG9nZ2xlIjpmYWxzZX0%3D\" target=\"_blank\">\n\t\t\t\t\t\t<span class=\"elementor-button-content-wrapper\">\n\t\t\t\t\t\t\t\t\t<span class=\"elementor-button-text\">Tecnolog\u00eda 2 veces <br>m\u00e1s r\u00e1pida<\/span>\n\t\t\t\t\t<\/span>\n\t\t\t\t\t<\/a>\n\t\t<\/div>\n\t\t\t\t<\/div>\n\t\t\t\t<\/div>\n\t\t\t\t<\/div>\n\t\t\t\t<\/div>\n\t\t<div class=\"elementor-element elementor-element-6c16d5f e-con-full elementor-hidden-mobile e-flex e-con e-parent\" data-id=\"6c16d5f\" data-element_type=\"container\" data-settings=\"{&quot;background_background&quot;:&quot;gradient&quot;}\">\n\t\t<div class=\"elementor-element elementor-element-e8d87f3 e-con-full e-flex e-con e-child\" data-id=\"e8d87f3\" data-element_type=\"container\">\n\t\t\t\t<div class=\"elementor-element elementor-element-4ad2d64 elementor-widget__width-initial elementor-widget elementor-widget-heading\" data-id=\"4ad2d64\" data-element_type=\"widget\" data-widget_type=\"heading.default\">\n\t\t\t\t<div class=\"elementor-widget-container\">\n\t\t\t<h2 class=\"elementor-heading-title elementor-size-default\">Ayude a sus pacientes a <\/h2>\t\t<\/div>\n\t\t\t\t<\/div>\n\t\t<div class=\"elementor-element elementor-element-1ecbe15 e-con-full e-flex e-con e-child\" data-id=\"1ecbe15\" data-element_type=\"container\">\n\t\t\t\t<div class=\"elementor-element elementor-element-211c974 elementor-widget__width-inherit elementor-widget-mobile__width-inherit elementor-widget elementor-widget-heading\" data-id=\"211c974\" data-element_type=\"widget\" data-settings=\"{&quot;_animation&quot;:&quot;none&quot;}\" data-widget_type=\"heading.default\">\n\t\t\t\t<div class=\"elementor-widget-container\">\n\t\t\t<h2 class=\"elementor-heading-title elementor-size-default\">ALIVIAR EL DOLOR<\/h2>\t\t<\/div>\n\t\t\t\t<\/div>\n\t\t<div class=\"elementor-element elementor-element-83a7748 e-con-full e-flex e-con e-child\" data-id=\"83a7748\" data-element_type=\"container\">\n\t\t\t\t<div class=\"elementor-element elementor-element-21469ab elementor-widget elementor-widget-image\" data-id=\"21469ab\" data-element_type=\"widget\" data-widget_type=\"image.default\">\n\t\t\t\t<div class=\"elementor-widget-container\">\n\t\t\t\t\t\t\t\t\t\t\t\t\t<img loading=\"lazy\" decoding=\"async\" width=\"1285\" height=\"175\" src=\"https:\/\/temprafen.saludiario.com\/wp-content\/uploads\/2024\/08\/logo_.png\" class=\"attachment-full size-full wp-image-46\" alt=\"\" srcset=\"https:\/\/temprafen.saludiario.com\/wp-content\/uploads\/2024\/08\/logo_.png 1285w, https:\/\/temprafen.saludiario.com\/wp-content\/uploads\/2024\/08\/logo_-300x41.png 300w, https:\/\/temprafen.saludiario.com\/wp-content\/uploads\/2024\/08\/logo_-1024x139.png 1024w, https:\/\/temprafen.saludiario.com\/wp-content\/uploads\/2024\/08\/logo_-768x105.png 768w\" sizes=\"(max-width: 1285px) 100vw, 1285px\" \/>\t\t\t\t\t\t\t\t\t\t\t\t\t<\/div>\n\t\t\t\t<\/div>\n\t\t\t\t<\/div>\n\t\t\t\t<\/div>\n\t\t\t\t<\/div>\n\t\t\t\t<\/div>\n\t\t<div class=\"elementor-element elementor-element-291f0c4 e-con-full elementor-hidden-desktop elementor-hidden-tablet e-flex e-con e-parent\" data-id=\"291f0c4\" data-element_type=\"container\" data-settings=\"{&quot;background_background&quot;:&quot;gradient&quot;}\">\n\t\t<div class=\"elementor-element elementor-element-b1b8c7a e-con-full e-flex e-con e-child\" data-id=\"b1b8c7a\" data-element_type=\"container\">\n\t\t\t\t<div class=\"elementor-element elementor-element-84c0503 elementor-widget__width-initial elementor-widget elementor-widget-heading\" data-id=\"84c0503\" data-element_type=\"widget\" data-widget_type=\"heading.default\">\n\t\t\t\t<div class=\"elementor-widget-container\">\n\t\t\t<h2 class=\"elementor-heading-title elementor-size-default\">Ayude a sus pacientes a <\/h2>\t\t<\/div>\n\t\t\t\t<\/div>\n\t\t<div class=\"elementor-element elementor-element-20006a2 e-con-full e-flex e-con e-child\" data-id=\"20006a2\" data-element_type=\"container\">\n\t\t\t\t<div class=\"elementor-element elementor-element-39ffcb3 elementor-widget__width-inherit elementor-widget-mobile__width-inherit elementor-widget elementor-widget-heading\" data-id=\"39ffcb3\" data-element_type=\"widget\" data-settings=\"{&quot;_animation&quot;:&quot;none&quot;}\" data-widget_type=\"heading.default\">\n\t\t\t\t<div class=\"elementor-widget-container\">\n\t\t\t<h2 class=\"elementor-heading-title elementor-size-default\">ALIVIAR EL DOLOR<\/h2>\t\t<\/div>\n\t\t\t\t<\/div>\n\t\t<div class=\"elementor-element elementor-element-4dd828a e-con-full e-flex e-con e-child\" data-id=\"4dd828a\" data-element_type=\"container\">\n\t\t\t\t<div class=\"elementor-element elementor-element-66295e2 elementor-widget elementor-widget-image\" data-id=\"66295e2\" data-element_type=\"widget\" data-widget_type=\"image.default\">\n\t\t\t\t<div class=\"elementor-widget-container\">\n\t\t\t\t\t\t\t\t\t\t\t\t\t<img loading=\"lazy\" decoding=\"async\" width=\"1285\" height=\"175\" src=\"https:\/\/temprafen.saludiario.com\/wp-content\/uploads\/2024\/08\/logo_.png\" class=\"attachment-full size-full wp-image-46\" alt=\"\" srcset=\"https:\/\/temprafen.saludiario.com\/wp-content\/uploads\/2024\/08\/logo_.png 1285w, https:\/\/temprafen.saludiario.com\/wp-content\/uploads\/2024\/08\/logo_-300x41.png 300w, https:\/\/temprafen.saludiario.com\/wp-content\/uploads\/2024\/08\/logo_-1024x139.png 1024w, https:\/\/temprafen.saludiario.com\/wp-content\/uploads\/2024\/08\/logo_-768x105.png 768w\" sizes=\"(max-width: 1285px) 100vw, 1285px\" \/>\t\t\t\t\t\t\t\t\t\t\t\t\t<\/div>\n\t\t\t\t<\/div>\n\t\t\t\t<\/div>\n\t\t\t\t<\/div>\n\t\t\t\t<\/div>\n\t\t\t\t<\/div>\n\t\t<div class=\"elementor-element elementor-element-7cd6a19 e-flex e-con-boxed e-con e-parent\" data-id=\"7cd6a19\" data-element_type=\"container\" data-settings=\"{&quot;background_background&quot;:&quot;gradient&quot;}\">\n\t\t\t\t\t<div class=\"e-con-inner\">\n\t\t<div class=\"elementor-element elementor-element-78b77db e-con-full e-flex e-con e-child\" data-id=\"78b77db\" data-element_type=\"container\" data-settings=\"{&quot;background_background&quot;:&quot;slideshow&quot;,&quot;background_slideshow_gallery&quot;:[],&quot;background_slideshow_loop&quot;:&quot;yes&quot;,&quot;background_slideshow_slide_duration&quot;:5000,&quot;background_slideshow_slide_transition&quot;:&quot;fade&quot;,&quot;background_slideshow_transition_duration&quot;:500}\">\n\t\t\t\t<div class=\"elementor-element elementor-element-7bbee8d elementor-invisible elementor-widget elementor-widget-image\" data-id=\"7bbee8d\" data-element_type=\"widget\" data-settings=\"{&quot;_animation&quot;:&quot;zoomIn&quot;,&quot;_animation_delay&quot;:100}\" data-widget_type=\"image.default\">\n\t\t\t\t<div class=\"elementor-widget-container\">\n\t\t\t\t\t\t\t\t\t\t\t\t\t<img loading=\"lazy\" decoding=\"async\" width=\"405\" height=\"405\" src=\"https:\/\/temprafen.saludiario.com\/wp-content\/uploads\/2024\/08\/g_2.png\" class=\"attachment-large size-large wp-image-52\" alt=\"\" srcset=\"https:\/\/temprafen.saludiario.com\/wp-content\/uploads\/2024\/08\/g_2.png 405w, https:\/\/temprafen.saludiario.com\/wp-content\/uploads\/2024\/08\/g_2-300x300.png 300w, https:\/\/temprafen.saludiario.com\/wp-content\/uploads\/2024\/08\/g_2-150x150.png 150w\" sizes=\"(max-width: 405px) 100vw, 405px\" \/>\t\t\t\t\t\t\t\t\t\t\t\t\t<\/div>\n\t\t\t\t<\/div>\n\t\t\t\t<\/div>\n\t\t<div class=\"elementor-element elementor-element-a5dbcd4 e-con-full e-flex e-con e-child\" data-id=\"a5dbcd4\" data-element_type=\"container\">\n\t\t\t\t<div class=\"elementor-element elementor-element-c9a818a elementor-invisible elementor-widget elementor-widget-image\" data-id=\"c9a818a\" data-element_type=\"widget\" data-settings=\"{&quot;_animation&quot;:&quot;zoomIn&quot;}\" data-widget_type=\"image.default\">\n\t\t\t\t<div class=\"elementor-widget-container\">\n\t\t\t\t\t\t\t\t\t\t\t\t\t<img loading=\"lazy\" decoding=\"async\" width=\"405\" height=\"405\" src=\"https:\/\/temprafen.saludiario.com\/wp-content\/uploads\/2024\/08\/g_3.png\" class=\"attachment-large size-large wp-image-51\" alt=\"\" srcset=\"https:\/\/temprafen.saludiario.com\/wp-content\/uploads\/2024\/08\/g_3.png 405w, https:\/\/temprafen.saludiario.com\/wp-content\/uploads\/2024\/08\/g_3-300x300.png 300w, https:\/\/temprafen.saludiario.com\/wp-content\/uploads\/2024\/08\/g_3-150x150.png 150w\" sizes=\"(max-width: 405px) 100vw, 405px\" \/>\t\t\t\t\t\t\t\t\t\t\t\t\t<\/div>\n\t\t\t\t<\/div>\n\t\t\t\t<\/div>\n\t\t<div class=\"elementor-element elementor-element-d50ce01 e-con-full e-flex e-con e-child\" data-id=\"d50ce01\" data-element_type=\"container\">\n\t\t\t\t<div class=\"elementor-element elementor-element-42797f2 elementor-invisible elementor-widget elementor-widget-image\" data-id=\"42797f2\" data-element_type=\"widget\" data-settings=\"{&quot;_animation&quot;:&quot;zoomIn&quot;}\" data-widget_type=\"image.default\">\n\t\t\t\t<div class=\"elementor-widget-container\">\n\t\t\t\t\t\t\t\t\t\t\t\t\t<img loading=\"lazy\" decoding=\"async\" width=\"675\" height=\"755\" src=\"https:\/\/temprafen.saludiario.com\/wp-content\/uploads\/2024\/09\/aine.png\" class=\"attachment-large size-large wp-image-86\" alt=\"\" srcset=\"https:\/\/temprafen.saludiario.com\/wp-content\/uploads\/2024\/09\/aine.png 675w, https:\/\/temprafen.saludiario.com\/wp-content\/uploads\/2024\/09\/aine-268x300.png 268w\" sizes=\"(max-width: 675px) 100vw, 675px\" \/>\t\t\t\t\t\t\t\t\t\t\t\t\t<\/div>\n\t\t\t\t<\/div>\n\t\t\t\t<\/div>\n\t\t\t\t\t<\/div>\n\t\t\t\t<\/div>\n\t\t\t\t<\/div>\n\t\t","protected":false},"excerpt":{"rendered":"<p>NUESTROS BENEFICIOS Conoce las indicaciones terap\u00e9uticas Tecnolog\u00eda 2 veces m\u00e1s r\u00e1pida Ayude a sus pacientes a ALIVIAR EL DOLOR Ayude a sus pacientes a ALIVIAR EL DOLOR<\/p>\n","protected":false},"author":1,"featured_media":0,"parent":0,"menu_order":0,"comment_status":"closed","ping_status":"closed","template":"elementor_header_footer","meta":{"footnotes":""},"class_list":["post-25","page","type-page","status-publish","hentry"],"featured_image_src":null,"featured_image_src_square":null,"_links":{"self":[{"href":"https:\/\/temprafen.saludiario.com\/index.php?rest_route=\/wp\/v2\/pages\/25","targetHints":{"allow":["GET"]}}],"collection":[{"href":"https:\/\/temprafen.saludiario.com\/index.php?rest_route=\/wp\/v2\/pages"}],"about":[{"href":"https:\/\/temprafen.saludiario.com\/index.php?rest_route=\/wp\/v2\/types\/page"}],"author":[{"embeddable":true,"href":"https:\/\/temprafen.saludiario.com\/index.php?rest_route=\/wp\/v2\/users\/1"}],"replies":[{"embeddable":true,"href":"https:\/\/temprafen.saludiario.com\/index.php?rest_route=%2Fwp%2Fv2%2Fcomments&post=25"}],"version-history":[{"count":0,"href":"https:\/\/temprafen.saludiario.com\/index.php?rest_route=\/wp\/v2\/pages\/25\/revisions"}],"wp:attachment":[{"href":"https:\/\/temprafen.saludiario.com\/index.php?rest_route=%2Fwp%2Fv2%2Fmedia&parent=25"}],"curies":[{"name":"wp","href":"https:\/\/api.w.org\/{rel}","templated":true}]}}